{"id":849,"date":"2023-05-09T17:29:41","date_gmt":"2023-05-09T15:29:41","guid":{"rendered":"https:\/\/www.thego.care\/impressum\/"},"modified":"2024-04-23T14:11:38","modified_gmt":"2024-04-23T12:11:38","slug":"mentions-legales","status":"publish","type":"page","link":"https:\/\/www.thego.care\/fr\/mentions-legales\/","title":{"rendered":"Mentions l\u00e9gales"},"content":{"rendered":"\n<h1 class=\"wp-block-heading\">Mentions l\u00e9gales<\/h1>\n\n\n\n<p>Le pr\u00e9sent site www.thego.care&nbsp; (ci-apr\u00e8s d\u00e9nomm\u00e9 le \u00ab&nbsp;Site&nbsp;\u00bb) est exploit\u00e9 et \u00e9dit\u00e9 par la soci\u00e9t\u00e9 thego.care SAS, dont le si\u00e8ge social est<\/p>\n\n\n\n<p>15 rue du village<br>F-25370 St. Antoine \/ France<\/p>\n\n\n\n<p>SAS au capital de 30 000\u20ac,<\/p>\n\n\n\n<p>immatricul\u00e9e au RCS de Besan\u00e7on sous le num\u00e9ro 982 117 897.<\/p>\n\n\n\n<p>Repr\u00e9sentant l\u00e9gal: Alain Mundt (Pr\u00e9sident)<\/p>\n\n\n\n<p>Num\u00e9ro de TVA intracommunautaire est FR 43982117897.<\/p>\n\n\n\n<p>Contact: contact@thego.care.<\/p>\n\n\n\n<p>Le directeur de la publication est : Alain Mundt<\/p>\n\n\n\n<p>L\u2019h\u00e9bergement du site est assur\u00e9 par la soci\u00e9t\u00e9<\/p>\n\n\n\n<p>Infomaniak Network SA<\/p>\n\n\n\n<p>Rue Eug\u00e8ne Marziano 25<\/p>\n\n\n\n<p>CH-1227 Les Acacias \/ Suisse<\/p>\n\n\n\n<p>Propri\u00e9t\u00e9 intellectuelle<\/p>\n\n\n\n<p>Le Site est une \u0153uvre de l\u2019esprit prot\u00e9g\u00e9e par la loi. Son contenu, y compris les textes, illustrations, photographies et pr\u00e9sentations sont strictement r\u00e9serv\u00e9s au titre du droit d\u2019auteur ainsi qu\u2019au titre de la propri\u00e9t\u00e9 intellectuelle. Il en va de m\u00eame de la base de donn\u00e9es contenue sur le Site. La soci\u00e9t\u00e9 thego.care SAS vous accorde une licence limit\u00e9e, non-exclusive, r\u00e9vocable, sans droit de souslicencier sur le contenu du Site, et ce, pour les simples acc\u00e8s, navigation et utilisation li\u00e9s au Site. Cette licence ne vous accorde aucun autre droit, en particulier d\u2019exploitation commerciale de ces contenus.<\/p>\n\n\n\n<p><br><strong>Clause de non-responsabilit\u00e9 :<\/strong><\/p>\n\n\n\n<p>Responsabilit\u00e9 pour le contenu<br>Les contenus de nos pages ont \u00e9t\u00e9 \u00e9labor\u00e9s avec le plus grand soin. Nous ne pouvons toutefois pas garantir l\u2019exactitude, l\u2019exhaustivit\u00e9 et l\u2019actualit\u00e9 des contenus. En tant que prestataire de services, nous sommes responsables de nos propres contenus sur ces pages selon les lois g\u00e9n\u00e9rales. Toutefois, nous ne sommes pas tenus, en tant que prestataire de services, de surveiller les informations externes transmises ou enregistr\u00e9es ou de rechercher les circonstances qui indiquent une activit\u00e9 ill\u00e9gale. Les obligations de supprimer ou de bloquer l\u2019utilisation d\u2019informations conform\u00e9ment aux lois g\u00e9n\u00e9rales restent inchang\u00e9es. Une responsabilit\u00e9 \u00e0 cet \u00e9gard n\u2019est toutefois possible qu\u2019\u00e0 partir du moment o\u00f9 une violation concr\u00e8te de la loi est connue. D\u00e8s la prise de connaissance d\u2019une telle violation, nous supprimerons imm\u00e9diatement les contenus concern\u00e9s.<\/p>\n\n\n\n<p><br>Responsabilit\u00e9 pour les liens<br>Notre offre contient des liens vers des sites web externes de tiers, sur le contenu desquels nous n\u2019avons aucune influence. C\u2019est pourquoi nous ne pouvons pas non plus nous porter garants de ces contenus externes. Le fournisseur ou l\u2019exploitant des pages li\u00e9es est toujours responsable de leur contenu. Les pages li\u00e9es ont \u00e9t\u00e9 contr\u00f4l\u00e9es au moment de la cr\u00e9ation du lien afin de v\u00e9rifier qu\u2019elles ne pr\u00e9sentaient pas d\u2019infraction \u00e0 la loi. Aucun contenu ill\u00e9gal n\u2019a \u00e9t\u00e9 identifi\u00e9 au moment de la cr\u00e9ation du lien. Un contr\u00f4le permanent du contenu des pages li\u00e9es n\u2019est cependant pas exigible sans indices concrets d\u2019une violation de la loi. D\u00e8s que nous aurons connaissance d\u2019une violation de la loi, nous supprimerons imm\u00e9diatement les liens concern\u00e9s.<\/p>\n","protected":false},"excerpt":{"rendered":"<p>Mentions l\u00e9gales Le pr\u00e9sent site www.thego.care&nbsp; (ci-apr\u00e8s d\u00e9nomm\u00e9 le \u00ab&nbsp;Site&nbsp;\u00bb) est exploit\u00e9 et \u00e9dit\u00e9 par la soci\u00e9t\u00e9 thego.care SAS, dont le si\u00e8ge social est 15 rue du villageF-25370 St. Antoine \/ France SAS au capital de 30 000\u20ac, immatricul\u00e9e au RCS de Besan\u00e7on sous le num\u00e9ro 982 117 897. Repr\u00e9sentant l\u00e9gal: Alain Mundt (Pr\u00e9sident) Num\u00e9ro [&hellip;]<\/p>\n","protected":false},"author":1,"featured_media":0,"parent":0,"menu_order":998,"comment_status":"closed","ping_status":"closed","template":"","meta":{"_acf_changed":false,"_kad_blocks_custom_css":"","_kad_blocks_head_custom_js":"","_kad_blocks_body_custom_js":"","_kad_blocks_footer_custom_js":"","footnotes":""},"class_list":["post-849","page","type-page","status-publish","hentry"],"acf":[],"taxonomy_info":[],"featured_image_src_large":false,"author_info":{"display_name":"jonaswmwde","author_link":"https:\/\/www.thego.care\/fr\/author\/jonaswmwde\/"},"comment_info":0,"_links":{"self":[{"href":"https:\/\/www.thego.care\/fr\/wp-json\/wp\/v2\/pages\/849","targetHints":{"allow":["GET"]}}],"collection":[{"href":"https:\/\/www.thego.care\/fr\/wp-json\/wp\/v2\/pages"}],"about":[{"href":"https:\/\/www.thego.care\/fr\/wp-json\/wp\/v2\/types\/page"}],"author":[{"embeddable":true,"href":"https:\/\/www.thego.care\/fr\/wp-json\/wp\/v2\/users\/1"}],"replies":[{"embeddable":true,"href":"https:\/\/www.thego.care\/fr\/wp-json\/wp\/v2\/comments?post=849"}],"version-history":[{"count":5,"href":"https:\/\/www.thego.care\/fr\/wp-json\/wp\/v2\/pages\/849\/revisions"}],"predecessor-version":[{"id":1860,"href":"https:\/\/www.thego.care\/fr\/wp-json\/wp\/v2\/pages\/849\/revisions\/1860"}],"wp:attachment":[{"href":"https:\/\/www.thego.care\/fr\/wp-json\/wp\/v2\/media?parent=849"}],"curies":[{"name":"wp","href":"https:\/\/api.w.org\/{rel}","templated":true}]}}