{"id":1359,"date":"2024-01-16T11:32:01","date_gmt":"2024-01-16T10:32:01","guid":{"rendered":"https:\/\/www.thego.care\/zzzshop\/versandarten\/"},"modified":"2024-10-30T09:15:09","modified_gmt":"2024-10-30T08:15:09","slug":"versandarten","status":"publish","type":"page","link":"https:\/\/www.thego.care\/fr\/versandarten\/","title":{"rendered":"Modes d&rsquo;envoi"},"content":{"rendered":"\n<p>Les produits sont pr\u00e9par\u00e9s pour l&rsquo;exp\u00e9dition par <a href=\"https:\/\/www.asmh39.fr\/copie-de-mas\" target=\"_blank\" rel=\"noopener\">ESAT<\/a> \u00e0 Salins-les-Bains. L&rsquo;ESAT propose une activit\u00e9 professionnelle adapt\u00e9e aux travailleurs en situation de handicap.<\/p>\n\n\n\n<p>L&rsquo;exp\u00e9dition se fait par <a href=\"https:\/\/www.laposte.fr\/\" target=\"_blank\" rel=\"noopener\">La Poste<\/a><\/p>\n\n\n\n<p><img loading=\"lazy\" decoding=\"async\" width=\"150\" height=\"116\" class=\"wp-image-2446\" style=\"width: 150px;\" src=\"https:\/\/www.thego.care\/wp-content\/uploads\/2024\/07\/lap_22_00027_logo_la_poste_jaune_vertical_rvb-6396fdaf21b64-scaled.jpg\" alt=\"\" srcset=\"https:\/\/www.thego.care\/wp-content\/uploads\/2024\/07\/lap_22_00027_logo_la_poste_jaune_vertical_rvb-6396fdaf21b64-scaled.jpg 2560w, https:\/\/www.thego.care\/wp-content\/uploads\/2024\/07\/lap_22_00027_logo_la_poste_jaune_vertical_rvb-6396fdaf21b64-300x232.jpg 300w, https:\/\/www.thego.care\/wp-content\/uploads\/2024\/07\/lap_22_00027_logo_la_poste_jaune_vertical_rvb-6396fdaf21b64-1024x791.jpg 1024w, https:\/\/www.thego.care\/wp-content\/uploads\/2024\/07\/lap_22_00027_logo_la_poste_jaune_vertical_rvb-6396fdaf21b64-768x593.jpg 768w, https:\/\/www.thego.care\/wp-content\/uploads\/2024\/07\/lap_22_00027_logo_la_poste_jaune_vertical_rvb-6396fdaf21b64-1536x1187.jpg 1536w, https:\/\/www.thego.care\/wp-content\/uploads\/2024\/07\/lap_22_00027_logo_la_poste_jaune_vertical_rvb-6396fdaf21b64-2048x1582.jpg 2048w\" sizes=\"auto, (max-width: 150px) 100vw, 150px\" \/><\/p>\n","protected":false},"excerpt":{"rendered":"<p>Les produits sont pr\u00e9par\u00e9s pour l&rsquo;exp\u00e9dition par ESAT \u00e0 Salins-les-Bains. L&rsquo;ESAT propose une activit\u00e9 professionnelle adapt\u00e9e aux travailleurs en situation de handicap. L&rsquo;exp\u00e9dition se fait par La Poste<\/p>\n","protected":false},"author":1,"featured_media":0,"parent":0,"menu_order":320,"comment_status":"closed","ping_status":"closed","template":"","meta":{"_acf_changed":false,"_kad_blocks_custom_css":"","_kad_blocks_head_custom_js":"","_kad_blocks_body_custom_js":"","_kad_blocks_footer_custom_js":"","footnotes":""},"class_list":["post-1359","page","type-page","status-publish","hentry"],"acf":[],"taxonomy_info":[],"featured_image_src_large":false,"author_info":{"display_name":"jonaswmwde","author_link":"https:\/\/www.thego.care\/fr\/author\/jonaswmwde\/"},"comment_info":0,"_links":{"self":[{"href":"https:\/\/www.thego.care\/fr\/wp-json\/wp\/v2\/pages\/1359","targetHints":{"allow":["GET"]}}],"collection":[{"href":"https:\/\/www.thego.care\/fr\/wp-json\/wp\/v2\/pages"}],"about":[{"href":"https:\/\/www.thego.care\/fr\/wp-json\/wp\/v2\/types\/page"}],"author":[{"embeddable":true,"href":"https:\/\/www.thego.care\/fr\/wp-json\/wp\/v2\/users\/1"}],"replies":[{"embeddable":true,"href":"https:\/\/www.thego.care\/fr\/wp-json\/wp\/v2\/comments?post=1359"}],"version-history":[{"count":5,"href":"https:\/\/www.thego.care\/fr\/wp-json\/wp\/v2\/pages\/1359\/revisions"}],"predecessor-version":[{"id":2749,"href":"https:\/\/www.thego.care\/fr\/wp-json\/wp\/v2\/pages\/1359\/revisions\/2749"}],"wp:attachment":[{"href":"https:\/\/www.thego.care\/fr\/wp-json\/wp\/v2\/media?parent=1359"}],"curies":[{"name":"wp","href":"https:\/\/api.w.org\/{rel}","templated":true}]}}