{"id":1356,"date":"2024-01-16T11:31:16","date_gmt":"2024-01-16T10:31:16","guid":{"rendered":"https:\/\/www.thego.care\/zzzshop\/widerrufsbelehrung\/"},"modified":"2025-01-02T23:23:12","modified_gmt":"2025-01-02T22:23:12","slug":"information-sur-le-droit-de-retractation","status":"publish","type":"page","link":"https:\/\/www.thego.care\/fr\/information-sur-le-droit-de-retractation\/","title":{"rendered":"Information sur le droit de r\u00e9tractation"},"content":{"rendered":"\n<p>L\u2019acheteur peut exercer son droit de r\u00e9tractation au choix via :<br>le formulaire de r\u00e9tractation ci-dessous \u00e0 renvoyer une fois rempli :<\/p>\n\n\n\n<ul class=\"wp-block-list\">\n<li>soit par courrier \u00e0 l\u2019adresse suivante : thego.care, 15 rue du village, F-25370 St. Antoine;<\/li>\n\n\n\n<li>soit par voie \u00e9lectronique \u00e0 l\u2019adresse suivante : contact@thego.care.<\/li>\n<\/ul>\n\n\n\n<p>Si la r\u00e9tractation intervient apr\u00e8s la Livraison, l\u2019acheteur devra retourner le(s) bien(s) concern\u00e9s au moyen du bon de retour pr\u00e9pay\u00e9 qui lui sera envoy\u00e9 par courrier \u00e9lectronique par thego.care \u00e0 r\u00e9ception de son formulaire de r\u00e9tractation.<\/p>\n\n\n\n<p>Lors du retour de la commande, l\u2019acheteur s\u2019engage \u00e0 respecter les conditions suivantes :<\/p>\n\n\n\n<ul class=\"wp-block-list\">\n<li>le produit est dans son \u00e9tat d\u2019origine, neuf, non port\u00e9, non lav\u00e9 ;<\/li>\n\n\n\n<li>il est ins\u00e9r\u00e9 dans son emballage d\u2019origine ;<\/li>\n\n\n\n<li>le retour est effectu\u00e9 au plus tard dans les quatorze (14) jours suivant la communication de sa d\u00e9cision de se r\u00e9tracter conform\u00e9ment \u00e0 l\u2019article L. 221-21 du Code de la Consommation.<\/li>\n<\/ul>\n\n\n\n<p>Pour un produit vendu qui est un dispositif m\u00e9dical, une reprise est exclue si l\u2018emballage est ouvert ou endommag\u00e9.<\/p>\n\n\n\n<p>Si les conditions de retour des pr\u00e9sentes CGV ont \u00e9t\u00e9 respect\u00e9es, les produits retourn\u00e9s sont rembours\u00e9s \u00e0 l\u2019acheteur au plus tard dans les quatorze (14) jours suivant la r\u00e9ception des produits retourn\u00e9s. Le m\u00eame mode de r\u00e8glement que celui utilis\u00e9 pour la commande est appliqu\u00e9 au remboursement.<\/p>\n\n\n\n<p>MOD\u00c8LE DE FORMULAIRE DE R\u00c9TRACTATION<br>(Veuillez compl\u00e9ter et renvoyer le pr\u00e9sent formulaire uniquement si vous souhaitez vous r\u00e9tracter du contrat.)<br>A l\u2019attention de thego.care SAS, 15 rue du village, F-25370 St. Antoine, contact@thego.care :<br>Je\/nous (*<em>) vous notifie\/notifions <\/em>(*<em>)<\/em> par la pr\u00e9sente ma\/notre (*<em>) r\u00e9tractation du contrat portant sur la vente du bien (<\/em>*)\/pour la prestation de services (*<em>) ci-dessous :<\/em><br><em>Command\u00e9 le <\/em>(*<em>)<\/em>\/re\u00e7u le (*<em>) :<\/em><br><em>Nom du (des) consommateur(s) :<\/em><br><em>Adresse du (des) consommateur(s) :<\/em><br><em>Signature du (des) consommateur(s) (uniquement en cas de notification du pr\u00e9sent formulaire sur papier) :<\/em><br><em>Date : <\/em>(*<em>)<\/em><br>Rayez la mention inutile.<\/p>\n","protected":false},"excerpt":{"rendered":"<p>L\u2019acheteur peut exercer son droit de r\u00e9tractation au choix via :le formulaire de r\u00e9tractation ci-dessous \u00e0 renvoyer une fois rempli : Si la r\u00e9tractation intervient apr\u00e8s la Livraison, l\u2019acheteur devra retourner le(s) bien(s) concern\u00e9s au moyen du bon de retour pr\u00e9pay\u00e9 qui lui sera envoy\u00e9 par courrier \u00e9lectronique par thego.care \u00e0 r\u00e9ception de son formulaire [&hellip;]<\/p>\n","protected":false},"author":1,"featured_media":0,"parent":0,"menu_order":310,"comment_status":"closed","ping_status":"closed","template":"","meta":{"_acf_changed":false,"_kad_blocks_custom_css":"","_kad_blocks_head_custom_js":"","_kad_blocks_body_custom_js":"","_kad_blocks_footer_custom_js":"","footnotes":""},"class_list":["post-1356","page","type-page","status-publish","hentry"],"acf":[],"taxonomy_info":[],"featured_image_src_large":false,"author_info":{"display_name":"jonaswmwde","author_link":"https:\/\/www.thego.care\/fr\/author\/jonaswmwde\/"},"comment_info":0,"_links":{"self":[{"href":"https:\/\/www.thego.care\/fr\/wp-json\/wp\/v2\/pages\/1356","targetHints":{"allow":["GET"]}}],"collection":[{"href":"https:\/\/www.thego.care\/fr\/wp-json\/wp\/v2\/pages"}],"about":[{"href":"https:\/\/www.thego.care\/fr\/wp-json\/wp\/v2\/types\/page"}],"author":[{"embeddable":true,"href":"https:\/\/www.thego.care\/fr\/wp-json\/wp\/v2\/users\/1"}],"replies":[{"embeddable":true,"href":"https:\/\/www.thego.care\/fr\/wp-json\/wp\/v2\/comments?post=1356"}],"version-history":[{"count":3,"href":"https:\/\/www.thego.care\/fr\/wp-json\/wp\/v2\/pages\/1356\/revisions"}],"predecessor-version":[{"id":2841,"href":"https:\/\/www.thego.care\/fr\/wp-json\/wp\/v2\/pages\/1356\/revisions\/2841"}],"wp:attachment":[{"href":"https:\/\/www.thego.care\/fr\/wp-json\/wp\/v2\/media?parent=1356"}],"curies":[{"name":"wp","href":"https:\/\/api.w.org\/{rel}","templated":true}]}}